{"id":56,"date":"2022-10-16T21:03:17","date_gmt":"2022-10-16T19:03:17","guid":{"rendered":"https:\/\/castle-ghosts.de\/?page_id=56"},"modified":"2022-11-02T15:36:18","modified_gmt":"2022-11-02T14:36:18","slug":"michael-fritz","status":"publish","type":"page","link":"https:\/\/castle-ghosts.de\/index.php\/band\/michael-fritz\/","title":{"rendered":"Michael &#8222;Mikel&#8220; Fritz"},"content":{"rendered":"<div id=\"pl-56\"  class=\"panel-layout\" ><div id=\"pg-56-0\"  class=\"panel-grid panel-no-style\" ><div id=\"pgc-56-0-0\"  class=\"panel-grid-cell\" ><div id=\"panel-56-0-0-0\" class=\"so-panel widget widget_sow-editor panel-first-child panel-last-child\" data-index=\"0\" ><div\n\t\t\t\n\t\t\tclass=\"so-widget-sow-editor so-widget-sow-editor-base\"\n\t\t\t\n\t\t>\n<div class=\"siteorigin-widget-tinymce textwidget\">\n\t<p><img loading=\"lazy\" decoding=\"async\" src=\"https:\/\/castle-ghosts.de\/wp-content\/uploads\/2022\/11\/Panoramas_Fritz_002.jpg\" alt=\"\" width=\"2500\" height=\"565\" class=\"alignnone size-full wp-image-57\" \/><\/p>\n<\/div>\n<\/div><\/div><\/div><\/div><div id=\"pg-56-1\"  class=\"panel-grid panel-no-style\" ><div id=\"pgc-56-1-0\"  class=\"panel-grid-cell\" ><div id=\"panel-56-1-0-0\" class=\"so-panel widget widget_sow-editor panel-first-child panel-last-child\" data-index=\"1\" ><div\n\t\t\t\n\t\t\tclass=\"so-widget-sow-editor so-widget-sow-editor-base\"\n\t\t\t\n\t\t>\n<div class=\"siteorigin-widget-tinymce textwidget\">\n\t<p>\"Die Stimme der Band\" ist der inoffizielle Titel f\u00fcr Mikel. Als Frontmann der Band gibt er nicht nur m\u00fcndlich sein Bestes, sondern spielt auch h\u00e4ufig Mundharmonika und ab und zu Gitarre.<\/p>\n<\/div>\n<\/div><\/div><\/div><div id=\"pgc-56-1-1\"  class=\"panel-grid-cell\" ><div id=\"panel-56-1-1-0\" class=\"so-panel widget widget_sow-editor panel-first-child panel-last-child\" data-index=\"2\" ><div\n\t\t\t\n\t\t\tclass=\"so-widget-sow-editor so-widget-sow-editor-base\"\n\t\t\t\n\t\t>\n<div class=\"siteorigin-widget-tinymce textwidget\">\n\t<div class=\"su-image-carousel  su-image-carousel-has-spacing su-image-carousel-has-outline su-image-carousel-adaptive su-image-carousel-slides-style-default su-image-carousel-controls-style-dark su-image-carousel-align-none\" style=\"\" data-flickity-options='{\"groupCells\":true,\"cellSelector\":\".su-image-carousel-item\",\"adaptiveHeight\":true,\"cellAlign\":\"left\",\"prevNextButtons\":true,\"pageDots\":true,\"autoPlay\":5000,\"imagesLoaded\":true,\"contain\":false,\"selectedAttraction\":0.025,\"friction\":0.28}' id=\"su_image_carousel_69e17c573e003\"><div class=\"su-image-carousel-item\"><div class=\"su-image-carousel-item-content\"><img loading=\"lazy\" decoding=\"async\" width=\"605\" height=\"907\" src=\"https:\/\/castle-ghosts.de\/wp-content\/uploads\/2022\/10\/portraits_fritz_001-683x1024.jpg\" class=\"\" alt=\"\" srcset=\"https:\/\/castle-ghosts.de\/wp-content\/uploads\/2022\/10\/portraits_fritz_001-683x1024.jpg 683w, https:\/\/castle-ghosts.de\/wp-content\/uploads\/2022\/10\/portraits_fritz_001-200x300.jpg 200w, https:\/\/castle-ghosts.de\/wp-content\/uploads\/2022\/10\/portraits_fritz_001-768x1152.jpg 768w, https:\/\/castle-ghosts.de\/wp-content\/uploads\/2022\/10\/portraits_fritz_001-100x150.jpg 100w, https:\/\/castle-ghosts.de\/wp-content\/uploads\/2022\/10\/portraits_fritz_001-150x225.jpg 150w, https:\/\/castle-ghosts.de\/wp-content\/uploads\/2022\/10\/portraits_fritz_001-300x450.jpg 300w, https:\/\/castle-ghosts.de\/wp-content\/uploads\/2022\/10\/portraits_fritz_001-450x675.jpg 450w, https:\/\/castle-ghosts.de\/wp-content\/uploads\/2022\/10\/portraits_fritz_001-600x900.jpg 600w, https:\/\/castle-ghosts.de\/wp-content\/uploads\/2022\/10\/portraits_fritz_001.jpg 800w\" sizes=\"auto, (max-width: 605px) 100vw, 605px\" \/><\/div><\/div><div class=\"su-image-carousel-item\"><div class=\"su-image-carousel-item-content\"><img loading=\"lazy\" decoding=\"async\" width=\"605\" height=\"907\" src=\"https:\/\/castle-ghosts.de\/wp-content\/uploads\/2022\/10\/portraits_fritz_003-683x1024.jpg\" class=\"\" alt=\"\" srcset=\"https:\/\/castle-ghosts.de\/wp-content\/uploads\/2022\/10\/portraits_fritz_003-683x1024.jpg 683w, https:\/\/castle-ghosts.de\/wp-content\/uploads\/2022\/10\/portraits_fritz_003-200x300.jpg 200w, https:\/\/castle-ghosts.de\/wp-content\/uploads\/2022\/10\/portraits_fritz_003-768x1152.jpg 768w, https:\/\/castle-ghosts.de\/wp-content\/uploads\/2022\/10\/portraits_fritz_003-100x150.jpg 100w, https:\/\/castle-ghosts.de\/wp-content\/uploads\/2022\/10\/portraits_fritz_003-150x225.jpg 150w, https:\/\/castle-ghosts.de\/wp-content\/uploads\/2022\/10\/portraits_fritz_003-300x450.jpg 300w, https:\/\/castle-ghosts.de\/wp-content\/uploads\/2022\/10\/portraits_fritz_003-450x675.jpg 450w, https:\/\/castle-ghosts.de\/wp-content\/uploads\/2022\/10\/portraits_fritz_003-600x900.jpg 600w, https:\/\/castle-ghosts.de\/wp-content\/uploads\/2022\/10\/portraits_fritz_003.jpg 800w\" sizes=\"auto, (max-width: 605px) 100vw, 605px\" \/><\/div><\/div><div class=\"su-image-carousel-item\"><div class=\"su-image-carousel-item-content\"><img loading=\"lazy\" decoding=\"async\" width=\"605\" height=\"907\" src=\"https:\/\/castle-ghosts.de\/wp-content\/uploads\/2022\/10\/portraits_fritz_002-683x1024.jpg\" class=\"\" alt=\"\" srcset=\"https:\/\/castle-ghosts.de\/wp-content\/uploads\/2022\/10\/portraits_fritz_002-683x1024.jpg 683w, https:\/\/castle-ghosts.de\/wp-content\/uploads\/2022\/10\/portraits_fritz_002-200x300.jpg 200w, https:\/\/castle-ghosts.de\/wp-content\/uploads\/2022\/10\/portraits_fritz_002-768x1152.jpg 768w, https:\/\/castle-ghosts.de\/wp-content\/uploads\/2022\/10\/portraits_fritz_002-100x150.jpg 100w, https:\/\/castle-ghosts.de\/wp-content\/uploads\/2022\/10\/portraits_fritz_002-150x225.jpg 150w, https:\/\/castle-ghosts.de\/wp-content\/uploads\/2022\/10\/portraits_fritz_002-300x450.jpg 300w, https:\/\/castle-ghosts.de\/wp-content\/uploads\/2022\/10\/portraits_fritz_002-450x675.jpg 450w, https:\/\/castle-ghosts.de\/wp-content\/uploads\/2022\/10\/portraits_fritz_002-600x900.jpg 600w, https:\/\/castle-ghosts.de\/wp-content\/uploads\/2022\/10\/portraits_fritz_002.jpg 800w\" sizes=\"auto, (max-width: 605px) 100vw, 605px\" \/><\/div><\/div><\/div><script id=\"su_image_carousel_69e17c573e003_script\">if(window.SUImageCarousel){setTimeout(function() {window.SUImageCarousel.initGallery(document.getElementById(\"su_image_carousel_69e17c573e003\"))}, 0);}var su_image_carousel_69e17c573e003_script=document.getElementById(\"su_image_carousel_69e17c573e003_script\");if(su_image_carousel_69e17c573e003_script){su_image_carousel_69e17c573e003_script.parentNode.removeChild(su_image_carousel_69e17c573e003_script);}<\/script>\n\n<table id=\"tablepress-1\" class=\"tablepress tablepress-id-1\">\n<tbody class=\"row-striping row-hover\">\n<tr class=\"row-1\">\n\t<td class=\"column-1\">Aktuelle Termine:<br \/>\n<br \/>\n<\/td>\n<\/tr>\n<\/tbody>\n<\/table>\n<!-- #tablepress-1 from cache -->\n<\/div>\n<\/div><\/div><\/div><\/div><\/div>","protected":false},"excerpt":{"rendered":"<p>&#8222;Die Stimme der Band&#8220; ist der inoffizielle Titel f\u00fcr Mikel. Als Frontmann der Band gibt er nicht nur m\u00fcndlich sein Bestes, sondern spielt auch h\u00e4ufig Mundharmonika und ab und zu Gitarre.<\/p>\n","protected":false},"author":1,"featured_media":0,"parent":54,"menu_order":3,"comment_status":"closed","ping_status":"closed","template":"full-width-page.php","meta":{"footnotes":""},"class_list":["post-56","page","type-page","status-publish","hentry"],"_links":{"self":[{"href":"https:\/\/castle-ghosts.de\/index.php\/wp-json\/wp\/v2\/pages\/56","targetHints":{"allow":["GET"]}}],"collection":[{"href":"https:\/\/castle-ghosts.de\/index.php\/wp-json\/wp\/v2\/pages"}],"about":[{"href":"https:\/\/castle-ghosts.de\/index.php\/wp-json\/wp\/v2\/types\/page"}],"author":[{"embeddable":true,"href":"https:\/\/castle-ghosts.de\/index.php\/wp-json\/wp\/v2\/users\/1"}],"replies":[{"embeddable":true,"href":"https:\/\/castle-ghosts.de\/index.php\/wp-json\/wp\/v2\/comments?post=56"}],"version-history":[{"count":10,"href":"https:\/\/castle-ghosts.de\/index.php\/wp-json\/wp\/v2\/pages\/56\/revisions"}],"predecessor-version":[{"id":163,"href":"https:\/\/castle-ghosts.de\/index.php\/wp-json\/wp\/v2\/pages\/56\/revisions\/163"}],"up":[{"embeddable":true,"href":"https:\/\/castle-ghosts.de\/index.php\/wp-json\/wp\/v2\/pages\/54"}],"wp:attachment":[{"href":"https:\/\/castle-ghosts.de\/index.php\/wp-json\/wp\/v2\/media?parent=56"}],"curies":[{"name":"wp","href":"https:\/\/api.w.org\/{rel}","templated":true}]}}